{"id":17200,"date":"2025-04-26T23:31:38","date_gmt":"2025-04-26T21:31:38","guid":{"rendered":"https:\/\/sophiepieroni-psy.com\/?page_id=17200"},"modified":"2025-05-03T15:43:04","modified_gmt":"2025-05-03T13:43:04","slug":"mentions-legales","status":"publish","type":"page","link":"https:\/\/sophiepieroni-psy.com\/index.php\/mentions-legales\/","title":{"rendered":"Mentions l\u00e9gales"},"content":{"rendered":"\t\t<div data-elementor-type=\"wp-page\" data-elementor-id=\"17200\" class=\"elementor elementor-17200\" data-elementor-post-type=\"page\">\n\t\t\t\t<div class=\"elementor-element elementor-element-5f0998b e-flex e-con-boxed e-con e-parent\" data-id=\"5f0998b\" data-element_type=\"container\">\n\t\t\t\t\t<div class=\"e-con-inner\">\n\t\t\t\t<div class=\"elementor-element elementor-element-1a11a06 elementor-widget elementor-widget-text-editor\" data-id=\"1a11a06\" data-element_type=\"widget\" data-widget_type=\"text-editor.default\">\n\t\t\t\t<div class=\"elementor-widget-container\">\n\t\t\t\t\t\t\t\t\t<h2 id=\"identification-du-site\">Identification du site<\/h2><p>URL du site: sophiepieroni-psy.com<\/p><h2 id=\"identit\u00e9-du-propri\u00e9taire-du-site\">Identit\u00e9 du propri\u00e9taire du site<\/h2><p>Le pr\u00e9sent site internet est la propri\u00e9t\u00e9 de Sophie Pieroni<\/p><p>Raison sociale : activit\u00e9 lib\u00e9rale sous le r\u00e9gime de l\u2019entreprise individuelle<\/p><p>Adresse du si\u00e8ge social :Rue Mansuetus Alessandri &#8211; les Pavillons de Pierre &#8211; 20137 PORTO-VECCHIO<\/p><p>T\u00e9l\u00e9phone : 06 31 36 02 44<\/p><h2 id=\"publication-du-site\">Publication du site<\/h2><p>Directeur de la publication : Sophie Pieroni<\/p><p>Responsable de la r\u00e9daction : Sophie Pieroni<\/p><p>Webmaster : Arnaud &amp; Catherine Pieroni<\/p><h2 id=\"concepteur-du-site\">Concepteur du site<\/h2><p>Site r\u00e9alis\u00e9 par Catherine Pieroni<\/p><p>Si\u00e8ge social : 20137 PORTO-VECCHIO<\/p><p>Contact : cath.pieroni@gmail.com<\/p><h2 id=\"h\u00e9bergeur-du-site\">H\u00e9bergeur du site<\/h2><p>OVH<\/p><p>Si\u00e8ge social : 2 rue Kellermann &#8211; 59100 Roubaix &#8211; France<\/p><h2 id=\"mentions-r\u00e8glementaires\">Mentions r\u00e8glementaires<\/h2><p>La profession de psychologue est r\u00e9glement\u00e9e et son exercice est soumis \u00e0 inscription sur les listes d\u00e9partementales des professionnels de l\u2019Agence R\u00e9gionale de Sant\u00e9.<\/p><p>En outre, Sophie Pieroni est titulaire d\u2019une licence mention \u201c psychologie \u201d et d\u2019un master mention \u201c psychologie clinique, psychopathologie et psychologie de la sant\u00e9\u201d parcours violences, risques et vuln\u00e9rabilit\u00e9s : psychologie criminologique et victimologique. Ce master comprend un m\u00e9moire de recherche et un stage professionnel qui l\u2019autorise \u00e0 faire usage des titres de psychologue et psychoth\u00e9rapeute (Article 44 de la loi 85-772 du 25 Juillet 1985 portant diverses dispositions d&#8217;ordre social et D\u00e9cret n\u00b02010-534 du 20 mai 2010 relatif \u00e0 l&#8217;usage du titre de psychoth\u00e9rapeute modifi\u00e9 par d\u00e9cret n\u00b02012-695 du 7 mai 2012).<\/p><p>Tout psychologue se doit de respecter le code de d\u00e9ontologie du psychologue.<\/p>\t\t\t\t\t\t\t\t<\/div>\n\t\t\t\t<\/div>\n\t\t\t\t\t<\/div>\n\t\t\t\t<\/div>\n\t\t\t\t<\/div>\n\t\t","protected":false},"excerpt":{"rendered":"<p>Identification du site URL du site: sophiepieroni-psy.com Identit\u00e9 du propri\u00e9taire du site Le pr\u00e9sent site internet est la propri\u00e9t\u00e9 de Sophie Pieroni Raison sociale : activit\u00e9 lib\u00e9rale sous le r\u00e9gime de l\u2019entreprise individuelle Adresse du si\u00e8ge social :Rue Mansuetus Alessandri &#8211; les Pavillons de Pierre &#8211; 20137 PORTO-VECCHIO T\u00e9l\u00e9phone : 06 31 36 02 44 [&hellip;]<\/p>\n","protected":false},"author":1,"featured_media":0,"parent":0,"menu_order":0,"comment_status":"closed","ping_status":"closed","template":"","meta":{"footnotes":""},"class_list":["post-17200","page","type-page","status-publish","hentry"],"_links":{"self":[{"href":"https:\/\/sophiepieroni-psy.com\/index.php\/wp-json\/wp\/v2\/pages\/17200","targetHints":{"allow":["GET"]}}],"collection":[{"href":"https:\/\/sophiepieroni-psy.com\/index.php\/wp-json\/wp\/v2\/pages"}],"about":[{"href":"https:\/\/sophiepieroni-psy.com\/index.php\/wp-json\/wp\/v2\/types\/page"}],"author":[{"embeddable":true,"href":"https:\/\/sophiepieroni-psy.com\/index.php\/wp-json\/wp\/v2\/users\/1"}],"replies":[{"embeddable":true,"href":"https:\/\/sophiepieroni-psy.com\/index.php\/wp-json\/wp\/v2\/comments?post=17200"}],"version-history":[{"count":10,"href":"https:\/\/sophiepieroni-psy.com\/index.php\/wp-json\/wp\/v2\/pages\/17200\/revisions"}],"predecessor-version":[{"id":17238,"href":"https:\/\/sophiepieroni-psy.com\/index.php\/wp-json\/wp\/v2\/pages\/17200\/revisions\/17238"}],"wp:attachment":[{"href":"https:\/\/sophiepieroni-psy.com\/index.php\/wp-json\/wp\/v2\/media?parent=17200"}],"curies":[{"name":"wp","href":"https:\/\/api.w.org\/{rel}","templated":true}]}}